{"id":637,"date":"2022-11-26T23:32:04","date_gmt":"2022-11-26T22:32:04","guid":{"rendered":"https:\/\/missiondelacharitecongo.org\/?page_id=637"},"modified":"2022-11-26T23:52:15","modified_gmt":"2022-11-26T22:52:15","slug":"faire-un-don-2","status":"publish","type":"page","link":"https:\/\/missiondelacharitecongo.org\/en\/faire-un-don-2\/","title":{"rendered":"Make a donation"},"content":{"rendered":"<div data-elementor-type=\"wp-page\" data-elementor-id=\"637\" class=\"elementor elementor-637\">\n\t\t\t\t\t\t\t\t\t<section class=\"elementor-section elementor-top-section elementor-element elementor-element-60e5d980 elementor-section-boxed elementor-section-height-default elementor-section-height-default\" data-id=\"60e5d980\" data-element_type=\"section\" data-settings=\"{&quot;background_background&quot;:&quot;classic&quot;}\">\n\t\t\t\t\t\t\t<div class=\"elementor-background-overlay\"><\/div>\n\t\t\t\t\t\t\t<div class=\"elementor-container elementor-column-gap-default\">\n\t\t\t\t\t<div class=\"elementor-column elementor-col-100 elementor-top-column elementor-element elementor-element-6266530a\" data-id=\"6266530a\" data-element_type=\"column\">\n\t\t\t<div class=\"elementor-widget-wrap elementor-element-populated\">\n\t\t\t\t\t\t\t\t<div class=\"elementor-element elementor-element-15604214 elementor-invisible elementor-widget elementor-widget-heading\" data-id=\"15604214\" data-element_type=\"widget\" data-settings=\"{&quot;_animation&quot;:&quot;fadeInDown&quot;}\" data-widget_type=\"heading.default\">\n\t\t\t\t<div class=\"elementor-widget-container\">\n\t\t\t<style>\/*! elementor - v3.8.1 - 13-11-2022 *\/\n.elementor-heading-title{padding:0;margin:0;line-height:1}.elementor-widget-heading .elementor-heading-title[class*=elementor-size-]>a{color:inherit;font-size:inherit;line-height:inherit}.elementor-widget-heading .elementor-heading-title.elementor-size-small{font-size:15px}.elementor-widget-heading .elementor-heading-title.elementor-size-medium{font-size:19px}.elementor-widget-heading .elementor-heading-title.elementor-size-large{font-size:29px}.elementor-widget-heading .elementor-heading-title.elementor-size-xl{font-size:39px}.elementor-widget-heading .elementor-heading-title.elementor-size-xxl{font-size:59px}<\/style><h1 class=\"elementor-heading-title elementor-size-default\">Make a donation<\/h1>\t\t<\/div>\n\t\t\t\t<\/div>\n\t\t\t\t\t<\/div>\n\t\t<\/div>\n\t\t\t\t\t\t\t<\/div>\n\t\t<\/section>\n\t\t\t\t<section class=\"elementor-section elementor-top-section elementor-element elementor-element-12a5794c elementor-section-boxed elementor-section-height-default elementor-section-height-default\" data-id=\"12a5794c\" data-element_type=\"section\" data-settings=\"{&quot;background_background&quot;:&quot;classic&quot;}\">\n\t\t\t\t\t\t<div class=\"elementor-container elementor-column-gap-default\">\n\t\t\t\t\t<div class=\"elementor-column elementor-col-100 elementor-top-column elementor-element elementor-element-6a08ab00\" data-id=\"6a08ab00\" data-element_type=\"column\">\n\t\t\t<div class=\"elementor-widget-wrap elementor-element-populated\">\n\t\t\t\t\t\t\t\t<div class=\"elementor-element elementor-element-3339cee8 elementor-widget elementor-widget-heading\" data-id=\"3339cee8\" data-element_type=\"widget\" data-widget_type=\"heading.default\">\n\t\t\t\t<div class=\"elementor-widget-container\">\n\t\t\t<h2 class=\"elementor-heading-title elementor-size-default\">Your donation can change lives<\/h2>\t\t<\/div>\n\t\t\t\t<\/div>\n\t\t\t\t<div class=\"elementor-element elementor-element-1aff6856 elementor-widget elementor-widget-text-editor\" data-id=\"1aff6856\" data-element_type=\"widget\" data-widget_type=\"text-editor.default\">\n\t\t\t\t<div class=\"elementor-widget-container\">\n\t\t\t<style>\/*! elementor - v3.8.1 - 13-11-2022 *\/\n.elementor-widget-text-editor.elementor-drop-cap-view-stacked .elementor-drop-cap{background-color:#818a91;color:#fff}.elementor-widget-text-editor.elementor-drop-cap-view-framed .elementor-drop-cap{color:#818a91;border:3px solid;background-color:transparent}.elementor-widget-text-editor:not(.elementor-drop-cap-view-default) .elementor-drop-cap{margin-top:8px}.elementor-widget-text-editor:not(.elementor-drop-cap-view-default) .elementor-drop-cap-letter{width:1em;height:1em}.elementor-widget-text-editor .elementor-drop-cap{float:left;text-align:center;line-height:1;font-size:50px}.elementor-widget-text-editor .elementor-drop-cap-letter{display:inline-block}<\/style>\t\t\t\t<p>Mission de la Charit\u00e9 lives only on donations, it is the streams that make great rivers. Every year, the Mission de la Charit\u00e9 comes to the aid of the poorest and unemployed people.<\/p>\t\t\t\t\t\t<\/div>\n\t\t\t\t<\/div>\n\t\t\t\t\t<\/div>\n\t\t<\/div>\n\t\t\t\t\t\t\t<\/div>\n\t\t<\/section>\n\t\t\t\t<section class=\"elementor-section elementor-top-section elementor-element elementor-element-61afbdb0 elementor-section-boxed elementor-section-height-default elementor-section-height-default\" data-id=\"61afbdb0\" data-element_type=\"section\" data-settings=\"{&quot;background_background&quot;:&quot;classic&quot;}\">\n\t\t\t\t\t\t<div class=\"elementor-container elementor-column-gap-default\">\n\t\t\t\t\t<div class=\"elementor-column elementor-col-33 elementor-top-column elementor-element elementor-element-2def1e91 elementor-invisible\" data-id=\"2def1e91\" data-element_type=\"column\" data-settings=\"{&quot;animation&quot;:&quot;fadeInLeft&quot;,&quot;background_background&quot;:&quot;classic&quot;}\">\n\t\t\t<div class=\"elementor-widget-wrap elementor-element-populated\">\n\t\t\t\t\t\t\t\t<div class=\"elementor-element elementor-element-1061c7be elementor-widget elementor-widget-image\" data-id=\"1061c7be\" data-element_type=\"widget\" data-widget_type=\"image.default\">\n\t\t\t\t<div class=\"elementor-widget-container\">\n\t\t\t<style>\/*! elementor - v3.8.1 - 13-11-2022 *\/\n.elementor-widget-image{text-align:center}.elementor-widget-image a{display:inline-block}.elementor-widget-image a img[src$=\".svg\"]{width:48px}.elementor-widget-image img{vertical-align:middle;display:inline-block}<\/style>\t\t\t\t\t\t\t\t\t\t\t\t<img width=\"140\" height=\"140\" src=\"https:\/\/missiondelacharitecongo.org\/wp-content\/uploads\/2022\/11\/about-2-icon1.png\" class=\"attachment-full size-full\" alt=\"\" loading=\"lazy\" \/>\t\t\t\t\t\t\t\t\t\t\t\t\t\t\t<\/div>\n\t\t\t\t<\/div>\n\t\t\t\t<div class=\"elementor-element elementor-element-7ac2228 elementor-widget elementor-widget-heading\" data-id=\"7ac2228\" data-element_type=\"widget\" data-widget_type=\"heading.default\">\n\t\t\t\t<div class=\"elementor-widget-container\">\n\t\t\t<h2 class=\"elementor-heading-title elementor-size-default\">Donation in kind<\/h2>\t\t<\/div>\n\t\t\t\t<\/div>\n\t\t\t\t\t<\/div>\n\t\t<\/div>\n\t\t\t\t<div class=\"elementor-column elementor-col-33 elementor-top-column elementor-element elementor-element-19c41fe8 elementor-invisible\" data-id=\"19c41fe8\" data-element_type=\"column\" data-settings=\"{&quot;animation&quot;:&quot;fadeInUp&quot;,&quot;background_background&quot;:&quot;classic&quot;}\">\n\t\t\t<div class=\"elementor-widget-wrap elementor-element-populated\">\n\t\t\t\t\t\t\t\t<div class=\"elementor-element elementor-element-3e476a97 elementor-widget elementor-widget-image\" data-id=\"3e476a97\" data-element_type=\"widget\" data-widget_type=\"image.default\">\n\t\t\t\t<div class=\"elementor-widget-container\">\n\t\t\t\t\t\t\t\t\t\t\t\t\t\t\t<img width=\"140\" height=\"140\" src=\"https:\/\/missiondelacharitecongo.org\/wp-content\/uploads\/2022\/11\/about-2-icon2.png\" class=\"attachment-full size-full\" alt=\"\" loading=\"lazy\" \/>\t\t\t\t\t\t\t\t\t\t\t\t\t\t\t<\/div>\n\t\t\t\t<\/div>\n\t\t\t\t<div class=\"elementor-element elementor-element-3e9506be elementor-widget elementor-widget-heading\" data-id=\"3e9506be\" data-element_type=\"widget\" data-widget_type=\"heading.default\">\n\t\t\t\t<div class=\"elementor-widget-container\">\n\t\t\t<h2 class=\"elementor-heading-title elementor-size-default\">Cash donation<\/h2>\t\t<\/div>\n\t\t\t\t<\/div>\n\t\t\t\t\t<\/div>\n\t\t<\/div>\n\t\t\t\t<div class=\"elementor-column elementor-col-33 elementor-top-column elementor-element elementor-element-3c1437a0 elementor-invisible\" data-id=\"3c1437a0\" data-element_type=\"column\" data-settings=\"{&quot;animation&quot;:&quot;fadeInRight&quot;,&quot;background_background&quot;:&quot;classic&quot;}\">\n\t\t\t<div class=\"elementor-widget-wrap elementor-element-populated\">\n\t\t\t\t\t\t\t\t<div class=\"elementor-element elementor-element-7f9a93f5 elementor-widget elementor-widget-image\" data-id=\"7f9a93f5\" data-element_type=\"widget\" data-widget_type=\"image.default\">\n\t\t\t\t<div class=\"elementor-widget-container\">\n\t\t\t\t\t\t\t\t\t\t\t\t\t\t\t<img width=\"140\" height=\"140\" src=\"https:\/\/missiondelacharitecongo.org\/wp-content\/uploads\/2022\/11\/about-2-icon3.png\" class=\"attachment-full size-full\" alt=\"\" loading=\"lazy\" \/>\t\t\t\t\t\t\t\t\t\t\t\t\t\t\t<\/div>\n\t\t\t\t<\/div>\n\t\t\t\t<div class=\"elementor-element elementor-element-4fb69415 elementor-widget elementor-widget-heading\" data-id=\"4fb69415\" data-element_type=\"widget\" data-widget_type=\"heading.default\">\n\t\t\t\t<div class=\"elementor-widget-container\">\n\t\t\t<h2 class=\"elementor-heading-title elementor-size-default\">Sponsorships<\/h2>\t\t<\/div>\n\t\t\t\t<\/div>\n\t\t\t\t\t<\/div>\n\t\t<\/div>\n\t\t\t\t\t\t\t<\/div>\n\t\t<\/section>\n\t\t\t\t\t\t\t<\/div>","protected":false},"excerpt":{"rendered":"<p>Faire un don Votre don peut changer des vies Mission de la Charit\u00e9 ne vit que des dons, ce sont les ruisseaux qui font de grands fleuves. Chaque ann\u00e9e, la Mission de la Charit\u00e9 vient en aide aux plus pauvres et aux personnes d\u00e9s\u0153uvr\u00e9es. Don en nature Don en esp\u00e8ce Parrainages<\/p>","protected":false},"author":1,"featured_media":0,"parent":0,"menu_order":0,"comment_status":"closed","ping_status":"closed","template":"","meta":{"site-sidebar-layout":"no-sidebar","site-content-layout":"page-builder","ast-global-header-display":"","ast-main-header-display":"","ast-hfb-above-header-display":"","ast-hfb-below-header-display":"","ast-hfb-mobile-header-display":"","site-post-title":"disabled","ast-breadcrumbs-content":"","ast-featured-img":"disabled","footer-sml-layout":"","theme-transparent-header-meta":"","adv-header-id-meta":"","stick-header-meta":"","header-above-stick-meta":"","header-main-stick-meta":"","header-below-stick-meta":""},"yoast_head":"<!-- This site is optimized with the Yoast SEO plugin v19.7.1 - https:\/\/yoast.com\/wordpress\/plugins\/seo\/ -->\n<title>Faire un don - Mission de la charit\u00e9 congo<\/title>\n<meta name=\"robots\" content=\"index, follow, max-snippet:-1, max-image-preview:large, max-video-preview:-1\" \/>\n<link rel=\"canonical\" href=\"https:\/\/missiondelacharitecongo.org\/en\/faire-un-don-2\/\" \/>\n<meta property=\"og:locale\" content=\"en_US\" \/>\n<meta property=\"og:type\" content=\"article\" \/>\n<meta property=\"og:title\" content=\"Faire un don - Mission de la charit\u00e9 congo\" \/>\n<meta property=\"og:description\" content=\"Faire un don Votre don peut changer des vies Mission de la Charit\u00e9 ne vit que des dons, ce sont les ruisseaux qui font de grands fleuves. Chaque ann\u00e9e, la Mission de la Charit\u00e9 vient en aide aux plus pauvres et aux personnes d\u00e9s\u0153uvr\u00e9es. Don en nature Don en esp\u00e8ce Parrainages\" \/>\n<meta property=\"og:url\" content=\"https:\/\/missiondelacharitecongo.org\/en\/faire-un-don-2\/\" \/>\n<meta property=\"og:site_name\" content=\"Mission de la charit\u00e9 congo\" \/>\n<meta property=\"article:modified_time\" content=\"2022-11-26T22:52:15+00:00\" \/>\n<meta property=\"og:image\" content=\"https:\/\/missiondelacharitecongo.org\/wp-content\/uploads\/2022\/11\/about-2-icon1.png\" \/>\n<meta name=\"twitter:label1\" content=\"Est. reading time\" \/>\n\t<meta name=\"twitter:data1\" content=\"1 minute\" \/>\n<script type=\"application\/ld+json\" class=\"yoast-schema-graph\">{\"@context\":\"https:\/\/schema.org\",\"@graph\":[{\"@type\":\"WebPage\",\"@id\":\"https:\/\/missiondelacharitecongo.org\/faire-un-don-2\/\",\"url\":\"https:\/\/missiondelacharitecongo.org\/faire-un-don-2\/\",\"name\":\"Faire un don - Mission de la charit\u00e9 congo\",\"isPartOf\":{\"@id\":\"https:\/\/missiondelacharitecongo.org\/#website\"},\"datePublished\":\"2022-11-26T22:32:04+00:00\",\"dateModified\":\"2022-11-26T22:52:15+00:00\",\"breadcrumb\":{\"@id\":\"https:\/\/missiondelacharitecongo.org\/faire-un-don-2\/#breadcrumb\"},\"inLanguage\":\"en-US\",\"potentialAction\":[{\"@type\":\"ReadAction\",\"target\":[\"https:\/\/missiondelacharitecongo.org\/faire-un-don-2\/\"]}]},{\"@type\":\"BreadcrumbList\",\"@id\":\"https:\/\/missiondelacharitecongo.org\/faire-un-don-2\/#breadcrumb\",\"itemListElement\":[{\"@type\":\"ListItem\",\"position\":1,\"name\":\"Accueil\",\"item\":\"https:\/\/missiondelacharitecongo.org\/\"},{\"@type\":\"ListItem\",\"position\":2,\"name\":\"Faire un don\"}]},{\"@type\":\"WebSite\",\"@id\":\"https:\/\/missiondelacharitecongo.org\/#website\",\"url\":\"https:\/\/missiondelacharitecongo.org\/\",\"name\":\"Mission de la charit\u00e9 congo\",\"description\":\"\",\"publisher\":{\"@id\":\"https:\/\/missiondelacharitecongo.org\/#organization\"},\"potentialAction\":[{\"@type\":\"SearchAction\",\"target\":{\"@type\":\"EntryPoint\",\"urlTemplate\":\"https:\/\/missiondelacharitecongo.org\/?s={search_term_string}\"},\"query-input\":\"required name=search_term_string\"}],\"inLanguage\":\"en-US\"},{\"@type\":\"Organization\",\"@id\":\"https:\/\/missiondelacharitecongo.org\/#organization\",\"name\":\"Mission de la charit\u00e9 congo\",\"url\":\"https:\/\/missiondelacharitecongo.org\/\",\"sameAs\":[],\"logo\":{\"@type\":\"ImageObject\",\"inLanguage\":\"en-US\",\"@id\":\"https:\/\/missiondelacharitecongo.org\/#\/schema\/logo\/image\/\",\"url\":\"https:\/\/missiondelacharitecongo.org\/wp-content\/uploads\/2022\/11\/cropped-Logo_avec_texte2.png\",\"contentUrl\":\"https:\/\/missiondelacharitecongo.org\/wp-content\/uploads\/2022\/11\/cropped-Logo_avec_texte2.png\",\"width\":200,\"height\":90,\"caption\":\"Mission de la charit\u00e9 congo\"},\"image\":{\"@id\":\"https:\/\/missiondelacharitecongo.org\/#\/schema\/logo\/image\/\"}}]}<\/script>\n<!-- \/ Yoast SEO plugin. -->","yoast_head_json":{"title":"Faire un don - Mission de la charit\u00e9 congo","robots":{"index":"index","follow":"follow","max-snippet":"max-snippet:-1","max-image-preview":"max-image-preview:large","max-video-preview":"max-video-preview:-1"},"canonical":"https:\/\/missiondelacharitecongo.org\/en\/faire-un-don-2\/","og_locale":"en_US","og_type":"article","og_title":"Faire un don - Mission de la charit\u00e9 congo","og_description":"Faire un don Votre don peut changer des vies Mission de la Charit\u00e9 ne vit que des dons, ce sont les ruisseaux qui font de grands fleuves. Chaque ann\u00e9e, la Mission de la Charit\u00e9 vient en aide aux plus pauvres et aux personnes d\u00e9s\u0153uvr\u00e9es. Don en nature Don en esp\u00e8ce Parrainages","og_url":"https:\/\/missiondelacharitecongo.org\/en\/faire-un-don-2\/","og_site_name":"Mission de la charit\u00e9 congo","article_modified_time":"2022-11-26T22:52:15+00:00","og_image":[{"url":"https:\/\/missiondelacharitecongo.org\/wp-content\/uploads\/2022\/11\/about-2-icon1.png"}],"twitter_misc":{"Est. reading time":"1 minute"},"schema":{"@context":"https:\/\/schema.org","@graph":[{"@type":"WebPage","@id":"https:\/\/missiondelacharitecongo.org\/faire-un-don-2\/","url":"https:\/\/missiondelacharitecongo.org\/faire-un-don-2\/","name":"Faire un don - Mission de la charit\u00e9 congo","isPartOf":{"@id":"https:\/\/missiondelacharitecongo.org\/#website"},"datePublished":"2022-11-26T22:32:04+00:00","dateModified":"2022-11-26T22:52:15+00:00","breadcrumb":{"@id":"https:\/\/missiondelacharitecongo.org\/faire-un-don-2\/#breadcrumb"},"inLanguage":"en-US","potentialAction":[{"@type":"ReadAction","target":["https:\/\/missiondelacharitecongo.org\/faire-un-don-2\/"]}]},{"@type":"BreadcrumbList","@id":"https:\/\/missiondelacharitecongo.org\/faire-un-don-2\/#breadcrumb","itemListElement":[{"@type":"ListItem","position":1,"name":"Accueil","item":"https:\/\/missiondelacharitecongo.org\/"},{"@type":"ListItem","position":2,"name":"Faire un don"}]},{"@type":"WebSite","@id":"https:\/\/missiondelacharitecongo.org\/#website","url":"https:\/\/missiondelacharitecongo.org\/","name":"Mission de la charit\u00e9 congo","description":"","publisher":{"@id":"https:\/\/missiondelacharitecongo.org\/#organization"},"potentialAction":[{"@type":"SearchAction","target":{"@type":"EntryPoint","urlTemplate":"https:\/\/missiondelacharitecongo.org\/?s={search_term_string}"},"query-input":"required name=search_term_string"}],"inLanguage":"en-US"},{"@type":"Organization","@id":"https:\/\/missiondelacharitecongo.org\/#organization","name":"Mission de la charit\u00e9 congo","url":"https:\/\/missiondelacharitecongo.org\/","sameAs":[],"logo":{"@type":"ImageObject","inLanguage":"en-US","@id":"https:\/\/missiondelacharitecongo.org\/#\/schema\/logo\/image\/","url":"https:\/\/missiondelacharitecongo.org\/wp-content\/uploads\/2022\/11\/cropped-Logo_avec_texte2.png","contentUrl":"https:\/\/missiondelacharitecongo.org\/wp-content\/uploads\/2022\/11\/cropped-Logo_avec_texte2.png","width":200,"height":90,"caption":"Mission de la charit\u00e9 congo"},"image":{"@id":"https:\/\/missiondelacharitecongo.org\/#\/schema\/logo\/image\/"}}]}},"_links":{"self":[{"href":"https:\/\/missiondelacharitecongo.org\/en\/wp-json\/wp\/v2\/pages\/637"}],"collection":[{"href":"https:\/\/missiondelacharitecongo.org\/en\/wp-json\/wp\/v2\/pages"}],"about":[{"href":"https:\/\/missiondelacharitecongo.org\/en\/wp-json\/wp\/v2\/types\/page"}],"author":[{"embeddable":true,"href":"https:\/\/missiondelacharitecongo.org\/en\/wp-json\/wp\/v2\/users\/1"}],"replies":[{"embeddable":true,"href":"https:\/\/missiondelacharitecongo.org\/en\/wp-json\/wp\/v2\/comments?post=637"}],"version-history":[{"count":25,"href":"https:\/\/missiondelacharitecongo.org\/en\/wp-json\/wp\/v2\/pages\/637\/revisions"}],"predecessor-version":[{"id":670,"href":"https:\/\/missiondelacharitecongo.org\/en\/wp-json\/wp\/v2\/pages\/637\/revisions\/670"}],"wp:attachment":[{"href":"https:\/\/missiondelacharitecongo.org\/en\/wp-json\/wp\/v2\/media?parent=637"}],"curies":[{"name":"wp","href":"https:\/\/api.w.org\/{rel}","templated":true}]}}